{"id":4754,"date":"2015-01-13T03:28:03","date_gmt":"2015-01-13T03:28:03","guid":{"rendered":"http:\/\/slotur.com\/tr\/kontakt\/"},"modified":"2016-04-20T10:42:24","modified_gmt":"2016-04-20T10:42:24","slug":"iletisim","status":"publish","type":"page","link":"https:\/\/slotur.com\/tr\/iletisim\/","title":{"rendered":"\u0130LET\u0130\u015e\u0130M"},"content":{"rendered":"<p>[vc_row full_width=&#8221;stretch_row_content_no_spaces&#8221; css=&#8221;.vc_custom_1443107716300{margin-top: 0px !important;margin-bottom: 0px !important;}&#8221;][vc_column]<div id='wrap_map_69e77e467acae' class='ultimate-map-wrapper ult-adjust-bottom-margin ' style=' height:400px;'><div id='map_69e77e467acae' data-map_override='0' class='ultimate_google_map wpb_content_element ' style='width:100%;height:400px;'><\/div><\/div><script type='text\/javascript'>\r\n\t\t\t(function($) {\r\n  \t\t\t'use strict';\r\n\t\t\tvar map_map_69e77e467acae = null;\r\n\t\t\tvar coordinate_map_69e77e467acae;\r\n\t\t\tvar isDraggable = $(document).width() > 641 ? true : false;\r\n\t\t\ttry\r\n\t\t\t{\r\n\t\t\t\tvar map_map_69e77e467acae = null;\r\n\t\t\t\tvar coordinate_map_69e77e467acae;\r\n\t\t\t\tcoordinate_map_69e77e467acae=new google.maps.LatLng(46.55999, 15.65080);\r\n\t\t\t\tvar mapOptions=\r\n\t\t\t\t{\r\n\t\t\t\t\tzoom: 14,\r\n\t\t\t\t\tcenter: coordinate_map_69e77e467acae,\r\n\t\t\t\t\tscaleControl: true,\r\n\t\t\t\t\tstreetViewControl: true,\r\n\t\t\t\t\tmapTypeControl: false,\r\n\t\t\t\t\tpanControl: true,\r\n\t\t\t\t\tzoomControl: true,\r\n\t\t\t\t\tscrollwheel: false,\r\n\t\t\t\t\tdraggable: isDraggable,\r\n\t\t\t\t\tzoomControlOptions: {\r\n\t\t\t\t\t\tposition: google.maps.ControlPosition.RIGHT_BOTTOM\r\n\t\t\t\t\t},mapTypeId: google.maps.MapTypeId.ROADMAP,};var map_map_69e77e467acae = new google.maps.Map(document.getElementById('map_69e77e467acae'),mapOptions);\r\n\t\t\t\t\t\tvar x = 'infowindow_open_value';\r\n\t\t\t\t\t\tvar marker_map_69e77e467acae = new google.maps.Marker({\r\n\t\t\t\t\t\tposition: new google.maps.LatLng(46.55999, 15.65080),\r\n\t\t\t\t\t\tanimation:  google.maps.Animation.DROP,\r\n\t\t\t\t\t\tmap: map_map_69e77e467acae,\r\n\t\t\t\t\t\ticon: 'https:\/\/slotur.com\/wp-content\/uploads\/2015\/01\/pin.png'\r\n\t\t\t\t\t});\tgoogle.maps.event.addListener(marker_map_69e77e467acae, 'click', toggleBounce);var infowindow = new google.maps.InfoWindow();\r\n\t\t\t\t\t\t\tinfowindow.setContent('<div class=\"map_info_text\" style=\\'color:#000;\\'><strong>SLOTUR d.o.o.<\/strong><br \/> Partizanska cesta 6<br \/> SI-2000 Maribor<\/div>');google.maps.event.addListener(marker_map_69e77e467acae, 'click', function() {\r\n\t\t\t\t\t\t\t\tinfowindow.open(map_map_69e77e467acae,marker_map_69e77e467acae);\r\n\t\t\t\t\t\t  \t});}\r\n\t\t\tcatch(e){};\r\n\t\t\tjQuery(document).ready(function($){\r\n\t\t\t\tgoogle.maps.event.trigger(map_map_69e77e467acae, 'resize');\r\n\t\t\t\t$(window).resize(function(){\r\n\t\t\t\t\tgoogle.maps.event.trigger(map_map_69e77e467acae, 'resize');\r\n\t\t\t\t\tif(map_map_69e77e467acae!=null)\r\n\t\t\t\t\t\tmap_map_69e77e467acae.setCenter(coordinate_map_69e77e467acae);\r\n\t\t\t\t});\r\n\t\t\t\t$('.ui-tabs').bind('tabsactivate', function(event, ui) {\r\n\t\t\t\t   if($(this).find('.ultimate-map-wrapper').length > 0)\r\n\t\t\t\t\t{\r\n\t\t\t\t\t\tsetTimeout(function(){\r\n\t\t\t\t\t\t\t$(window).trigger('resize');\r\n\t\t\t\t\t\t},200);\r\n\t\t\t\t\t}\r\n\t\t\t\t});\r\n\t\t\t\t$('.ui-accordion').bind('accordionactivate', function(event, ui) {\r\n\t\t\t\t   if($(this).find('.ultimate-map-wrapper').length > 0)\r\n\t\t\t\t\t{\r\n\t\t\t\t\t\tsetTimeout(function(){\r\n\t\t\t\t\t\t\t$(window).trigger('resize');\r\n\t\t\t\t\t\t},200);\r\n\t\t\t\t\t}\r\n\t\t\t\t});\r\n\t\t\t\t$(window).on('load',function(){\r\n\t\t\t\t\tsetTimeout(function(){\r\n\t\t\t\t\t\t$(window).trigger('resize');\r\n\t\t\t\t\t},200);\r\n\t\t\t\t});\r\n\t\t\t\t$('.ult_exp_section').select(function(){\r\n\t\t\t\t\tif($(map_map_69e77e467acae).parents('.ult_exp_section'))\r\n\t\t\t\t\t{\r\n\t\t\t\t\t\tsetTimeout(function(){\r\n\t\t\t\t\t\t\t$(window).trigger('resize');\r\n\t\t\t\t\t\t},200);\r\n\t\t\t\t\t}\r\n\t\t\t\t});\r\n\t\t\t\t$(document).on('onUVCModalPopupOpen', function(){\r\n\t\t\t\t\tif($(map_map_69e77e467acae).parents('.ult_modal-content'))\r\n\t\t\t\t\t{\r\n\t\t\t\t\t\tsetTimeout(function(){\r\n\t\t\t\t\t\t\t$(window).trigger('resize');\r\n\t\t\t\t\t\t},200);\r\n\t\t\t\t\t}\r\n\t\t\t\t});\r\n\t\t\t\t$(document).on('click','.ult_tab_li',function(){\r\n\t\t\t\t\t$(window).trigger('resize');\r\n\t\t\t\t\tsetTimeout(function(){\r\n\t\t\t\t\t\t$(window).trigger('resize');\r\n\t\t\t\t\t},200);\r\n\t\t\t\t});\r\n\t\t\t});\r\n\t\t\tfunction toggleBounce() {\r\n\t\t\t  if (marker_map_69e77e467acae.getAnimation() != null) {\r\n\t\t\t\tmarker_map_69e77e467acae.setAnimation(null);\r\n\t\t\t  } else {\r\n\t\t\t\tmarker_map_69e77e467acae.setAnimation(google.maps.Animation.BOUNCE);\r\n\t\t\t  }\r\n\t\t\t}\r\n\t\t\t})(jQuery);\r\n\t\t\t<\/script>[\/vc_column][\/vc_row][vc_row wrap_container=&#8221;yes&#8221; is_section=&#8221;yes&#8221; section_skin=&#8221;parallax&#8221; remove_margin_top=&#8221;yes&#8221; remove_margin_bottom=&#8221;yes&#8221; el_class=&#8221;kontakt_row&#8221;][vc_column width=&#8221;1\/3&#8243;]<div id=\"ultimate-heading-874869e77e467ad2a\" class=\"uvc-heading ult-adjust-bottom-margin ultimate-heading-874869e77e467ad2a uvc-4982 main_title\" data-hspacer=\"no_spacer\"  data-halign=\"left\" style=\"text-align:left\"><div class=\"uvc-heading-spacer no_spacer\" style=\"top\"><\/div><div class=\"uvc-main-heading ult-responsive\"  data-ultimate-target='.uvc-heading.ultimate-heading-874869e77e467ad2a h2'  data-responsive-json-new='{\"font-size\":\"\",\"line-height\":\"\"}' ><h2 style=\"font-weight:normal;\">Sloven T\u00fcrk i\u015fletme kul\u00fcb\u00fc<\/h2><\/div><\/div>[vc_single_image image=&#8221;4423&#8243; img_size=&#8221;large&#8221;][vc_column_text]<\/p>\n<p style=\"text-align: justify;\">Sloven-T\u00fcrk SLOTUR i\u015f kul\u00fcb\u00fcn\u00fcn as\u0131l g\u00f6revi ekonomi alan\u0131nda oldu\u011fu gibi di\u011fer alanlarda da Slovenya ve T\u00fcrkiye aras\u0131nda temas kurmakt\u0131r. Kul\u00fcp devletleraras\u0131 i\u015f partnerleri aranmas\u0131nda, ekonomik i\u015fbirli\u011fi konusunda analiz yap\u0131lmas\u0131nda ve bunlar\u0131n cesaretlendirilmesinde yard\u0131mc\u0131 olacakt\u0131r.<\/p>\n<p>[\/vc_column_text][vc_column_text]<\/p>\n<h4>SLOTUR d.o.o.<\/h4>\n<p>Partizanska cesta 6<br \/>\nSI-2000 Maribor[\/vc_column_text][vc_column_text el_class=&#8221;podnaslov_kontakt_ime&#8221;]<\/p>\n<h4>Sre\u010dko Pirtov\u0161ek<\/h4>\n<p>SLOTUR \u0130\u015fetme Kul\u00fcb\u00fcn\u00fcn Ba\u015fkan\u0131<\/p>\n<ul>\n<li><i class=\"fa fa-phone\"><\/i>+386 (0)41 672\u00a0568<\/li>\n<li><i class=\"fa fa-envelope\"><\/i>srecko.pirtovsek@slotur.com<\/li>\n<\/ul>\n<p>[\/vc_column_text][vc_column_text el_class=&#8221;podnaslov_kontakt_ime&#8221;]<\/p>\n<h4>Iza Verdel Vrabl<\/h4>\n<p>Marketing,\u00a0\u00fcye y\u00f6neticisi<\/p>\n<ul>\n<li><i class=\"fa fa-phone\"><\/i>+386 (0)41 331\u00a0190<\/li>\n<li><i class=\"fa fa-envelope\"><\/i>iza.verdel@slotur.com<\/li>\n<\/ul>\n<p>[\/vc_column_text][vc_column_text el_class=&#8221;podnaslov_kontakt_ime&#8221;]<\/p>\n<h4>Janja Mumlek<\/h4>\n<p>Izvr\u0161na urednica Start Up Kapital<\/p>\n<ul>\n<li><i class=\"fa fa-phone\"><\/i>+386 (0)41 682 139<\/li>\n<li><i class=\"fa fa-envelope\"><\/i>janja.mumlek@slotur.com<\/li>\n<\/ul>\n<p>[\/vc_column_text][\/vc_column][vc_column width=&#8221;2\/3&#8243; el_class=&#8221;padding_levo&#8221;]<div id=\"ultimate-heading-403069e77e467ad60\" class=\"uvc-heading ult-adjust-bottom-margin ultimate-heading-403069e77e467ad60 uvc-5634 main_title\" data-hspacer=\"no_spacer\"  data-halign=\"left\" style=\"text-align:left\"><div class=\"uvc-heading-spacer no_spacer\" style=\"top\"><\/div><div class=\"uvc-main-heading ult-responsive\"  data-ultimate-target='.uvc-heading.ultimate-heading-403069e77e467ad60 h2'  data-responsive-json-new='{\"font-size\":\"\",\"line-height\":\"\"}' ><h2 style=\"font-weight:normal;\">Kontaktni obrazec<\/h2><\/div><\/div><div role=\"form\" class=\"wpcf7\" id=\"wpcf7-f5013-o1\" lang=\"en-US\" dir=\"ltr\">\n<div class=\"screen-reader-response\"><p role=\"status\" aria-live=\"polite\" aria-atomic=\"true\"><\/p> <ul><\/ul><\/div>\n<form action=\"\/tr\/wp-json\/wp\/v2\/pages\/4754\/#wpcf7-f5013-o1\" method=\"post\" class=\"wpcf7-form init\" novalidate=\"novalidate\" data-status=\"init\">\n<div style=\"display: none;\">\n<input type=\"hidden\" name=\"_wpcf7\" value=\"5013\" \/>\n<input type=\"hidden\" name=\"_wpcf7_version\" value=\"5.3.2\" \/>\n<input type=\"hidden\" name=\"_wpcf7_locale\" value=\"en_US\" \/>\n<input type=\"hidden\" name=\"_wpcf7_unit_tag\" value=\"wpcf7-f5013-o1\" \/>\n<input type=\"hidden\" name=\"_wpcf7_container_post\" value=\"0\" \/>\n<input type=\"hidden\" name=\"_wpcf7_posted_data_hash\" value=\"\" \/>\n<input type=\"hidden\" name=\"_wpcf7_recaptcha_response\" value=\"\" \/>\n<\/div>\n<div class=\"row\">\n<div class=\"col-md-6\">\n<div class=\"form-group\">\n            <label for=\"contact-name\">Ad\u0131n\u0131z *<\/label><br \/>\n            <span class=\"wpcf7-form-control-wrap your-name\"><input type=\"text\" name=\"your-name\" value=\"\" size=\"40\" class=\"wpcf7-form-control wpcf7-text wpcf7-validates-as-required form-control\" id=\"contact-name\" aria-required=\"true\" aria-invalid=\"false\" \/><\/span>\n        <\/div><\/div>\n<div class=\"col-md-6\">\n<div class=\"form-group\">\n            <label for=\"contact-email\">E-posta adresiniz *<\/label><br \/>\n            <span class=\"wpcf7-form-control-wrap your-email\"><input type=\"email\" name=\"your-email\" value=\"\" size=\"40\" class=\"wpcf7-form-control wpcf7-text wpcf7-email wpcf7-validates-as-required wpcf7-validates-as-email form-control\" id=\"contact-email\" aria-required=\"true\" aria-invalid=\"false\" \/><\/span><br \/>\n<span id=\"wpcf7-69e77e467b4ee\" class=\"wpcf7-form-control-wrap newnamehon-wrap\" style=\"display:none !important; visibility:hidden !important;\"><label  class=\"hp-message\">Please leave this field empty.<\/label><input class=\"wpcf7-form-control wpcf7-text\"  type=\"text\" name=\"newnamehon\" value=\"\" size=\"40\" tabindex=\"-1\" autocomplete=\"nope\" \/><\/span>\n        <\/div><\/div>\n<div class=\"col-md-12\">\n<div class=\"form-group\">\n            <label for=\"contact-subject\">Konu<\/label><br \/>\n            <span class=\"wpcf7-form-control-wrap your-subject\"><input type=\"text\" name=\"your-subject\" value=\"\" size=\"40\" class=\"wpcf7-form-control wpcf7-text form-control\" id=\"contact-subject\" aria-invalid=\"false\" \/><\/span>\n        <\/div><\/div>\n<div class=\"col-md-12\">\n<div class=\"form-group\">\n            <label for=\"contact-message\">Mesaj\u0131n\u0131z<\/label><br \/>\n            <span class=\"wpcf7-form-control-wrap your-message\"><textarea name=\"your-message\" cols=\"40\" rows=\"10\" class=\"wpcf7-form-control wpcf7-textarea form-control\" id=\"contact-message\" aria-invalid=\"false\"><\/textarea><\/span>\n        <\/div><\/div>\n<div class=\"col-md-12\">\n<div class=\"form-group\">\n            <input type=\"submit\" value=\"G\u00f6nder\" class=\"wpcf7-form-control wpcf7-submit btn btn-primary btn-lg\" \/>\n        <\/div><\/div>\n<\/div>\n<div class=\"wpcf7-response-output\" aria-hidden=\"true\"><\/div><\/form><\/div>[\/vc_column][\/vc_row]<\/p>\n","protected":false},"excerpt":{"rendered":"<p>[vc_row full_width=&#8221;stretch_row_content_no_spaces&#8221; css=&#8221;.vc_custom_1443107716300{margin-top: 0px !important;margin-bottom: 0px !important;}&#8221;][vc_column][\/vc_column][\/vc_row][vc_row wrap_container=&#8221;yes&#8221; is_section=&#8221;yes&#8221; section_skin=&#8221;parallax&#8221; remove_margin_top=&#8221;yes&#8221; remove_margin_bottom=&#8221;yes&#8221; el_class=&#8221;kontakt_row&#8221;][vc_column width=&#8221;1\/3&#8243;][vc_single_image image=&#8221;4423&#8243; img_size=&#8221;large&#8221;][vc_column_text] Sloven-T\u00fcrk SLOTUR i\u015f kul\u00fcb\u00fcn\u00fcn as\u0131l g\u00f6revi ekonomi alan\u0131nda oldu\u011fu gibi di\u011fer alanlarda da Slovenya ve T\u00fcrkiye aras\u0131nda temas kurmakt\u0131r. Kul\u00fcp devletleraras\u0131 i\u015f partnerleri aranmas\u0131nda, ekonomik i\u015fbirli\u011fi konusunda analiz yap\u0131lmas\u0131nda ve bunlar\u0131n cesaretlendirilmesinde yard\u0131mc\u0131 olacakt\u0131r. [\/vc_column_text][vc_column_text] SLOTUR d.o.o. Partizanska cesta [&hellip;]<\/p>\n","protected":false},"author":1,"featured_media":0,"parent":0,"menu_order":0,"comment_status":"open","ping_status":"open","template":"","meta":[],"yoast_head":"<!-- This site is optimized with the Yoast SEO plugin v15.7 - https:\/\/yoast.com\/wordpress\/plugins\/seo\/ -->\n<title>\u0130LET\u0130\u015e\u0130M | SLOTUR<\/title>\n<meta name=\"description\" content=\"SloTur kontakt\" \/>\n<meta name=\"robots\" content=\"index, follow, max-snippet:-1, max-image-preview:large, max-video-preview:-1\" \/>\n<link rel=\"canonical\" href=\"https:\/\/slotur.com\/tr\/iletisim\/\" \/>\n<meta property=\"og:locale\" content=\"tr_TR\" \/>\n<meta property=\"og:type\" content=\"article\" \/>\n<meta property=\"og:title\" content=\"\u0130LET\u0130\u015e\u0130M | SLOTUR\" \/>\n<meta property=\"og:description\" content=\"SloTur kontakt\" \/>\n<meta property=\"og:url\" content=\"https:\/\/slotur.com\/tr\/iletisim\/\" \/>\n<meta property=\"og:site_name\" content=\"SLOTUR\" \/>\n<meta property=\"article:publisher\" content=\"https:\/\/www.facebook.com\/slovenskoturskiposlovniklub\/\" \/>\n<meta property=\"article:modified_time\" content=\"2016-04-20T10:42:24+00:00\" \/>\n<meta name=\"twitter:card\" content=\"summary\" \/>\n<meta name=\"twitter:label1\" content=\"Est. reading time\">\n\t<meta name=\"twitter:data1\" content=\"1 minute\">\n<script type=\"application\/ld+json\" class=\"yoast-schema-graph\">{\"@context\":\"https:\/\/schema.org\",\"@graph\":[{\"@type\":\"WebSite\",\"@id\":\"https:\/\/slotur.com\/#website\",\"url\":\"https:\/\/slotur.com\/\",\"name\":\"SLOTUR\",\"description\":\"Business club\",\"potentialAction\":[{\"@type\":\"SearchAction\",\"target\":\"https:\/\/slotur.com\/?s={search_term_string}\",\"query-input\":\"required name=search_term_string\"}],\"inLanguage\":\"tr\"},{\"@type\":\"WebPage\",\"@id\":\"https:\/\/slotur.com\/tr\/iletisim\/#webpage\",\"url\":\"https:\/\/slotur.com\/tr\/iletisim\/\",\"name\":\"\\u0130LET\\u0130\\u015e\\u0130M | SLOTUR\",\"isPartOf\":{\"@id\":\"https:\/\/slotur.com\/#website\"},\"datePublished\":\"2015-01-13T03:28:03+00:00\",\"dateModified\":\"2016-04-20T10:42:24+00:00\",\"description\":\"SloTur kontakt\",\"inLanguage\":\"tr\",\"potentialAction\":[{\"@type\":\"ReadAction\",\"target\":[\"https:\/\/slotur.com\/tr\/iletisim\/\"]}]}]}<\/script>\n<!-- \/ Yoast SEO plugin. -->","_links":{"self":[{"href":"https:\/\/slotur.com\/tr\/wp-json\/wp\/v2\/pages\/4754\/"}],"collection":[{"href":"https:\/\/slotur.com\/tr\/wp-json\/wp\/v2\/pages\/"}],"about":[{"href":"https:\/\/slotur.com\/tr\/wp-json\/wp\/v2\/types\/page\/"}],"author":[{"embeddable":true,"href":"https:\/\/slotur.com\/tr\/wp-json\/wp\/v2\/users\/1\/"}],"replies":[{"embeddable":true,"href":"https:\/\/slotur.com\/tr\/wp-json\/wp\/v2\/comments\/?post=4754"}],"version-history":[{"count":26,"href":"https:\/\/slotur.com\/tr\/wp-json\/wp\/v2\/pages\/4754\/revisions\/"}],"predecessor-version":[{"id":5047,"href":"https:\/\/slotur.com\/tr\/wp-json\/wp\/v2\/pages\/4754\/revisions\/5047\/"}],"wp:attachment":[{"href":"https:\/\/slotur.com\/tr\/wp-json\/wp\/v2\/media\/?parent=4754"}],"curies":[{"name":"wp","href":"https:\/\/api.w.org\/{rel}","templated":true}]}}